{"id":12032,"date":"2016-03-08T15:30:28","date_gmt":"2016-03-08T14:30:28","guid":{"rendered":"http:\/\/127.0.0.1\/gereso\/www_dev\/?page_id=12032"},"modified":"2021-04-12T13:16:48","modified_gmt":"2021-04-12T11:16:48","slug":"plan-du-site","status":"publish","type":"page","link":"https:\/\/columbusmonaco.com\/fr\/plan-du-site\/","title":{"rendered":"Plan du site"},"content":{"rendered":"<div id=\"pl-12032\"  class=\"panel-layout\" ><div id=\"pg-12032-0\"  class=\"panel-grid panel-no-style\" ><div id=\"pgc-12032-0-0\"  class=\"panel-grid-cell\" ><div id=\"panel-12032-0-0-0\" class=\"so-panel widget widget_sow-editor panel-first-child panel-last-child\" data-index=\"0\" ><div\n\t\t\t\n\t\t\tclass=\"so-widget-sow-editor so-widget-sow-editor-base\"\n\t\t\t\n\t\t>\n<div class=\"siteorigin-widget-tinymce textwidget\">\n\t<p style=\"text-align: center;\"><div class=\"wsp-container\"><h2 class=\"wsp-pages-title\">Pages<\/h2>\n<ul class=\"wsp-pages-list\">\n<li class=\"page_item page-item-22887\"><a href=\"https:\/\/columbusmonaco.com\/fr\/room-directory\/\">Room directory<\/a><\/li>\n<li class=\"page_item page-item-16521\"><a href=\"https:\/\/columbusmonaco.com\/fr\/carrieres\/\">Carri\u00e8res<\/a><\/li>\n<li class=\"page_item page-item-14663\"><a href=\"https:\/\/columbusmonaco.com\/fr\/validation-contact\/\">Validation<\/a><\/li>\n<li class=\"page_item page-item-15752\"><a href=\"https:\/\/columbusmonaco.com\/fr\/validation\/\">Validation<\/a><\/li>\n<li class=\"page_item page-item-14643\"><a href=\"https:\/\/columbusmonaco.com\/fr\/mentions-legales\/\">Politique de confidentialit\u00e9<\/a><\/li>\n<li class=\"page_item page-item-14634\"><a href=\"https:\/\/columbusmonaco.com\/fr\/developpement-durable\/\">D\u00e9veloppement durable<\/a><\/li>\n<li class=\"page_item page-item-30667\"><a href=\"https:\/\/columbusmonaco.com\/fr\/serd-2024\/\">Le Columbus Monte-Carlo s&#8217;engage pour la SERD<\/a><\/li>\n<li class=\"page_item page-item-14719\"><a href=\"https:\/\/columbusmonaco.com\/fr\/residences-hotelieres\/\">R\u00e9sidences h\u00f4teli\u00e8res<\/a><\/li>\n<li class=\"page_item page-item-14169\"><a href=\"https:\/\/columbusmonaco.com\/fr\/galerie\/\">Galerie<\/a><\/li>\n<li class=\"page_item page-item-11977\"><a href=\"https:\/\/columbusmonaco.com\/fr\/\">Accueil<\/a><\/li>\n<li class=\"page_item page-item-14118\"><a href=\"https:\/\/columbusmonaco.com\/fr\/restaurant-monaco\/\">Restauration<\/a><\/li>\n<li class=\"page_item page-item-39261\"><a href=\"https:\/\/columbusmonaco.com\/fr\/go-hilton\/\">Avantages Go Hilton<\/a><\/li>\n<li class=\"page_item page-item-14347 page_item_has_children\"><a href=\"https:\/\/columbusmonaco.com\/fr\/newsletter\/\">Newsletter<\/a>\n<ul class='children'>\n\t<li class=\"page_item page-item-19335\"><a href=\"https:\/\/columbusmonaco.com\/fr\/newsletter\/validation-rh\/\">Validation RH<\/a><\/li>\n\t<li class=\"page_item page-item-14670\"><a href=\"https:\/\/columbusmonaco.com\/fr\/newsletter\/validation\/\">Validation<\/a><\/li>\n<\/ul>\n<\/li>\n<li class=\"page_item page-item-13525 page_item_has_children\"><a href=\"https:\/\/columbusmonaco.com\/fr\/contact\/\">Contact<\/a>\n<ul class='children'>\n\t<li class=\"page_item page-item-14655\"><a href=\"https:\/\/columbusmonaco.com\/fr\/contact\/validation\/\">Validation<\/a><\/li>\n<\/ul>\n<\/li>\n<li class=\"page_item page-item-12032\"><a href=\"https:\/\/columbusmonaco.com\/fr\/plan-du-site\/\">Plan du site<\/a><\/li>\n<li class=\"page_item page-item-13500\"><a href=\"https:\/\/columbusmonaco.com\/fr\/chambre-hotel\/\">Chambres &#038; suites<\/a><\/li>\n<\/ul>\n<\/div><\/p>\n<\/div>\n<\/div><\/div><\/div><div id=\"pgc-12032-0-1\"  class=\"panel-grid-cell\" ><div id=\"panel-12032-0-1-0\" class=\"so-panel widget widget_sow-editor panel-first-child panel-last-child\" data-index=\"1\" ><div\n\t\t\t\n\t\t\tclass=\"so-widget-sow-editor so-widget-sow-editor-base\"\n\t\t\t\n\t\t>\n<div class=\"siteorigin-widget-tinymce textwidget\">\n\t<p style=\"text-align: center;\"><div class=\"wsp-container\"><h2 class=\"wsp-posts-title\">Articles par cat\u00e9gorie<\/h2>\n<ul class=\"wsp-posts-list\">\n\t<li><strong class=\"wsp-category-title\">Cat\u00e9gorie\u00a0: <a href=\"https:\/\/columbusmonaco.com\/fr\/voir-faire\/\">\u00e0 voir, \u00e0 faire<\/a><\/strong>\n<ul class=\"wsp-posts-list\">\t\t<li class=\"wsp-post\"><a href=\"https:\/\/columbusmonaco.com\/fr\/voir-faire\/actualites\/\">Actualit\u00e9s et \u00c9v\u00e8nements<\/a><\/li>\n\t\t<li class=\"wsp-post\"><a href=\"https:\/\/columbusmonaco.com\/fr\/voir-faire\/riva-riviera-style\/\">Offre location de Riva Rivamare 38<\/a><\/li>\n\t\t<li class=\"wsp-post\"><a href=\"https:\/\/columbusmonaco.com\/fr\/voir-faire\/parcours-sportifs\/\">Parcours Sportifs<\/a><\/li>\n\t\t<li class=\"wsp-post\"><a href=\"https:\/\/columbusmonaco.com\/fr\/voir-faire\/guest-service\/\">Guest Service<\/a><\/li>\n\t\t<li class=\"wsp-post\"><a href=\"https:\/\/columbusmonaco.com\/fr\/voir-faire\/skydiving\/\">Exp\u00e9rience Skydiving<\/a><\/li>\n\t\t<li class=\"wsp-post\"><a href=\"https:\/\/columbusmonaco.com\/fr\/presentation\/experience-portaledge\/\">Exp\u00e9rience Portaledge<\/a><\/li>\n\t\t<li class=\"wsp-post\"><a href=\"https:\/\/columbusmonaco.com\/fr\/voir-faire\/livret-touristique\/\">Livret touristique<\/a><\/li>\n\t\t<li class=\"wsp-post\"><a href=\"https:\/\/columbusmonaco.com\/fr\/voir-faire\/quartier\/\">Notre quartier<\/a><\/li>\n\t\t<li class=\"wsp-post\"><a href=\"https:\/\/columbusmonaco.com\/fr\/voir-faire\/massage-en-chambre\/\">Massages en chambre<\/a><\/li>\n<\/ul><\/li>\n\t<li><strong class=\"wsp-category-title\">Cat\u00e9gorie\u00a0: <a href=\"https:\/\/columbusmonaco.com\/fr\/famille\/\">En Famille<\/a><\/strong>\n<ul class=\"wsp-posts-list\">\t\t<li class=\"wsp-post\"><a href=\"https:\/\/columbusmonaco.com\/fr\/location-salle-reunion\/pyjama-party\/\">Nouveau : Pyjama Party<\/a><\/li>\n\t\t<li class=\"wsp-post\"><a href=\"https:\/\/columbusmonaco.com\/fr\/location-salle-reunion\/anniversaire-enfant\/\">Anniversaire d&#8217;enfant<\/a><\/li>\n\t\t<li class=\"wsp-post\"><a href=\"https:\/\/columbusmonaco.com\/fr\/famille\/suite-familiale\/\">Suite Familiale<\/a><\/li>\n\t\t<li class=\"wsp-post\"><a href=\"https:\/\/columbusmonaco.com\/fr\/famille\/banwood\/\">Banwood<\/a><\/li>\n\t\t<li class=\"wsp-post\"><a href=\"https:\/\/columbusmonaco.com\/fr\/famille\/jeux\/\">P\u00e9tanque &#038; Jeux de soci\u00e9t\u00e9<\/a><\/li>\n<\/ul><\/li>\n\t<li><strong class=\"wsp-category-title\">Cat\u00e9gorie\u00a0: <a href=\"https:\/\/columbusmonaco.com\/fr\/fetes-de-fin-dannee\/\">F\u00eates de fin d&#039;ann\u00e9e<\/a><\/strong>\n<ul class=\"wsp-posts-list\">\t\t<li class=\"wsp-post\"><a href=\"https:\/\/columbusmonaco.com\/fr\/fetes-de-fin-dannee\/menu-noel\/\">Menu de No\u00ebl<\/a><\/li>\n\t\t<li class=\"wsp-post\"><a href=\"https:\/\/columbusmonaco.com\/fr\/fetes-de-fin-dannee\/reveillon-saint-sylvestre\/\">R\u00e9veillon de la Saint Sylvestre<\/a><\/li>\n\t\t<li class=\"wsp-post\"><a href=\"https:\/\/columbusmonaco.com\/fr\/fetes-de-fin-dannee\/menu-festif\/\">Menu Festif<\/a><\/li>\n\t\t<li class=\"wsp-post\"><a href=\"https:\/\/columbusmonaco.com\/fr\/fetes-de-fin-dannee\/lutin-farceur\/\">Lutin Farceur<\/a><\/li>\n\t\t<li class=\"wsp-post\"><a href=\"https:\/\/columbusmonaco.com\/fr\/fetes-de-fin-dannee\/calendrier-avent\/\">Calendrier de l&#8217;Avent<\/a><\/li>\n<\/ul><\/li>\n\t<li><strong class=\"wsp-category-title\">Cat\u00e9gorie\u00a0: <a href=\"https:\/\/columbusmonaco.com\/fr\/offres\/\">Offres<\/a><\/strong>\n<ul class=\"wsp-posts-list\">\t\t<li class=\"wsp-post\"><a href=\"https:\/\/columbusmonaco.com\/fr\/offres\/souvenirs\/\">Souvenirs<\/a><\/li>\n\t\t<li class=\"wsp-post\"><a href=\"https:\/\/columbusmonaco.com\/fr\/offres\/justforyou-tapis-yoga\/\">#JustForYou Tapis de Yoga<\/a><\/li>\n\t\t<li class=\"wsp-post\"><a href=\"https:\/\/columbusmonaco.com\/fr\/offres\/saint-valentin\/\">Saint Valentin<\/a><\/li>\n\t\t<li class=\"wsp-post\"><a href=\"https:\/\/columbusmonaco.com\/fr\/offres\/grand-prix-monaco\/\">Grand Prix de Monaco<\/a><\/li>\n\t\t<li class=\"wsp-post\"><a href=\"https:\/\/columbusmonaco.com\/fr\/offres\/accueil-animaux\/\">Accueil d&#8217;animaux de compagnie<\/a><\/li>\n<\/ul><\/li>\n\t<li><strong class=\"wsp-category-title\">Cat\u00e9gorie\u00a0: <a href=\"https:\/\/columbusmonaco.com\/fr\/presentation\/\">Pr\u00e9sentation<\/a><\/strong>\n<ul class=\"wsp-posts-list\">\t\t<li class=\"wsp-post\"><a href=\"https:\/\/columbusmonaco.com\/fr\/presentation\/presse\/\">Columbus Monte-Carlo \u00e0 la une<\/a><\/li>\n\t\t<li class=\"wsp-post\"><a href=\"https:\/\/columbusmonaco.com\/fr\/presentation\/acces\/\">Acc\u00e8s<\/a><\/li>\n\t\t<li class=\"wsp-post\"><a href=\"https:\/\/columbusmonaco.com\/fr\/presentation\/histoire\/\">Histoire<\/a><\/li>\n\t\t<li class=\"wsp-post\"><a href=\"https:\/\/columbusmonaco.com\/fr\/presentation\/services\/\">Espaces &#038; services<\/a><\/li>\n\t\t<li class=\"wsp-post\"><a href=\"https:\/\/columbusmonaco.com\/fr\/presentation\/visite-virtuelle\/\">Visite virtuelle<\/a><\/li>\n<\/ul><\/li>\n\t<li><strong class=\"wsp-category-title\">Cat\u00e9gorie\u00a0: <a href=\"https:\/\/columbusmonaco.com\/fr\/location-salle-reunion\/\">R\u00e9unions et \u00e9v\u00e9nements<\/a><\/strong>\n<ul class=\"wsp-posts-list\">\t\t<li class=\"wsp-post\"><a href=\"https:\/\/columbusmonaco.com\/fr\/location-salle-reunion\/seminaire\/\">Votre s\u00e9minaire<\/a><\/li>\n\t\t<li class=\"wsp-post\"><a href=\"https:\/\/columbusmonaco.com\/fr\/location-salle-reunion\/apero-petanque\/\">Ap\u00e9ro P\u00e9tanque<\/a><\/li>\n\t\t<li class=\"wsp-post\"><a href=\"https:\/\/columbusmonaco.com\/fr\/location-salle-reunion\/votre-incentive\/\">Votre incentive<\/a><\/li>\n\t\t<li class=\"wsp-post\"><a href=\"https:\/\/columbusmonaco.com\/fr\/location-salle-reunion\/lancement-automobile\/\">Lancement automobile<\/a><\/li>\n\t\t<li class=\"wsp-post\"><a href=\"https:\/\/columbusmonaco.com\/fr\/location-salle-reunion\/evenement\/\">Votre \u00e9v\u00e8nement<\/a><\/li>\n\t\t<li class=\"wsp-post\"><a href=\"https:\/\/columbusmonaco.com\/fr\/location-salle-reunion\/destination-mariage\/\">Votre mariage<\/a><\/li>\n\t\t<li class=\"wsp-post\"><a href=\"https:\/\/columbusmonaco.com\/fr\/location-salle-reunion\/votre-reunion\/\">Votre r\u00e9union<\/a><\/li>\n<\/ul><\/li>\n<\/ul>\n<\/div><\/p>\n<\/div>\n<\/div><\/div><\/div><\/div><\/div>","protected":false},"excerpt":{"rendered":"<p>Pages Room directory Carri\u00e8res Validation Validation Politique de confidentialit\u00e9 D\u00e9veloppement durable Le Columbus Monte-Carlo s&#8217;engage pour la SERD R\u00e9sidences h\u00f4teli\u00e8res Galerie Accueil Restauration Avantages Go Hilton Newsletter Validation RH [&hellip;]<\/p>\n","protected":false},"author":4,"featured_media":0,"parent":0,"menu_order":108,"comment_status":"closed","ping_status":"closed","template":"","meta":{"footnotes":""},"class_list":["post-12032","page","type-page","status-publish","hentry"],"yoast_head":"<!-- This site is optimized with the Yoast SEO plugin v27.3 - https:\/\/yoast.com\/product\/yoast-seo-wordpress\/ -->\n<title>Plan du site - Columbus Monte-Carlo<\/title>\n<meta name=\"robots\" content=\"index, follow, max-snippet:-1, max-image-preview:large, max-video-preview:-1\" \/>\n<link rel=\"canonical\" href=\"https:\/\/columbushotels.com\/fr\/plan-du-site\/\" \/>\n<meta property=\"og:locale\" content=\"fr_FR\" \/>\n<meta property=\"og:type\" content=\"article\" \/>\n<meta property=\"og:title\" content=\"Plan du site - Columbus Monte-Carlo\" \/>\n<meta property=\"og:description\" content=\"Pages Room directory Carri\u00e8res Validation Validation Politique de confidentialit\u00e9 D\u00e9veloppement durable Le Columbus Monte-Carlo s&#8217;engage pour la SERD R\u00e9sidences h\u00f4teli\u00e8res Galerie Accueil Restauration Avantages Go Hilton Newsletter Validation RH [&hellip;]\" \/>\n<meta property=\"og:url\" content=\"https:\/\/columbushotels.com\/fr\/plan-du-site\/\" \/>\n<meta property=\"og:site_name\" content=\"Columbus Monte-Carlo\" \/>\n<meta property=\"article:publisher\" content=\"https:\/\/www.facebook.com\/ColumbusMonteCarlo\" \/>\n<meta property=\"article:modified_time\" content=\"2021-04-12T11:16:48+00:00\" \/>\n<meta name=\"twitter:label1\" content=\"Dur\u00e9e de lecture estim\u00e9e\" \/>\n\t<meta name=\"twitter:data1\" content=\"1 minute\" \/>\n<!-- \/ Yoast SEO plugin. -->","yoast_head_json":{"title":"Plan du site - Columbus Monte-Carlo","robots":{"index":"index","follow":"follow","max-snippet":"max-snippet:-1","max-image-preview":"max-image-preview:large","max-video-preview":"max-video-preview:-1"},"canonical":"https:\/\/columbushotels.com\/fr\/plan-du-site\/","og_locale":"fr_FR","og_type":"article","og_title":"Plan du site - Columbus Monte-Carlo","og_description":"Pages Room directory Carri\u00e8res Validation Validation Politique de confidentialit\u00e9 D\u00e9veloppement durable Le Columbus Monte-Carlo s&#8217;engage pour la SERD R\u00e9sidences h\u00f4teli\u00e8res Galerie Accueil Restauration Avantages Go Hilton Newsletter Validation RH [&hellip;]","og_url":"https:\/\/columbushotels.com\/fr\/plan-du-site\/","og_site_name":"Columbus Monte-Carlo","article_publisher":"https:\/\/www.facebook.com\/ColumbusMonteCarlo","article_modified_time":"2021-04-12T11:16:48+00:00","twitter_misc":{"Dur\u00e9e de lecture estim\u00e9e":"1 minute"},"schema":{"@context":"https:\/\/schema.org","@graph":[{"@type":"WebPage","@id":"https:\/\/columbushotels.com\/fr\/plan-du-site\/","url":"https:\/\/columbushotels.com\/fr\/plan-du-site\/","name":"Plan du site - Columbus Monte-Carlo","isPartOf":{"@id":"https:\/\/columbusmonaco.com\/it\/#website"},"datePublished":"2016-03-08T14:30:28+00:00","dateModified":"2021-04-12T11:16:48+00:00","breadcrumb":{"@id":"https:\/\/columbushotels.com\/fr\/plan-du-site\/#breadcrumb"},"inLanguage":"fr-FR","potentialAction":[{"@type":"ReadAction","target":["https:\/\/columbushotels.com\/fr\/plan-du-site\/"]}]},{"@type":"BreadcrumbList","@id":"https:\/\/columbushotels.com\/fr\/plan-du-site\/#breadcrumb","itemListElement":[{"@type":"ListItem","position":1,"name":"Accueil","item":"https:\/\/columbusmonaco.com\/fr\/"},{"@type":"ListItem","position":2,"name":"Plan du site"}]},{"@type":"WebSite","@id":"https:\/\/columbusmonaco.com\/it\/#website","url":"https:\/\/columbusmonaco.com\/it\/","name":"Columbus Monte-Carlo","description":"","publisher":{"@id":"https:\/\/columbusmonaco.com\/it\/#organization"},"potentialAction":[{"@type":"SearchAction","target":{"@type":"EntryPoint","urlTemplate":"https:\/\/columbusmonaco.com\/it\/?s={search_term_string}"},"query-input":{"@type":"PropertyValueSpecification","valueRequired":true,"valueName":"search_term_string"}}],"inLanguage":"fr-FR"},{"@type":"Organization","@id":"https:\/\/columbusmonaco.com\/it\/#organization","name":"Columbus Monte-Carlo","url":"https:\/\/columbusmonaco.com\/it\/","logo":{"@type":"ImageObject","inLanguage":"fr-FR","@id":"https:\/\/columbusmonaco.com\/it\/#\/schema\/logo\/image\/","url":"https:\/\/www.columbushotels.com\/wp-content\/uploads\/icon-tablette.png","contentUrl":"https:\/\/www.columbushotels.com\/wp-content\/uploads\/icon-tablette.png","width":144,"height":144,"caption":"Columbus Monte-Carlo"},"image":{"@id":"https:\/\/columbusmonaco.com\/it\/#\/schema\/logo\/image\/"},"sameAs":["https:\/\/www.facebook.com\/ColumbusMonteCarlo","https:\/\/x.com\/ColumbusMC","https:\/\/www.instagram.com\/columbusmchotel","https:\/\/www.linkedin.com\/company\/1316137"]}]}},"_links":{"self":[{"href":"https:\/\/columbusmonaco.com\/fr\/wp-json\/wp\/v2\/pages\/12032","targetHints":{"allow":["GET"]}}],"collection":[{"href":"https:\/\/columbusmonaco.com\/fr\/wp-json\/wp\/v2\/pages"}],"about":[{"href":"https:\/\/columbusmonaco.com\/fr\/wp-json\/wp\/v2\/types\/page"}],"author":[{"embeddable":true,"href":"https:\/\/columbusmonaco.com\/fr\/wp-json\/wp\/v2\/users\/4"}],"replies":[{"embeddable":true,"href":"https:\/\/columbusmonaco.com\/fr\/wp-json\/wp\/v2\/comments?post=12032"}],"version-history":[{"count":6,"href":"https:\/\/columbusmonaco.com\/fr\/wp-json\/wp\/v2\/pages\/12032\/revisions"}],"predecessor-version":[{"id":25769,"href":"https:\/\/columbusmonaco.com\/fr\/wp-json\/wp\/v2\/pages\/12032\/revisions\/25769"}],"wp:attachment":[{"href":"https:\/\/columbusmonaco.com\/fr\/wp-json\/wp\/v2\/media?parent=12032"}],"curies":[{"name":"wp","href":"https:\/\/api.w.org\/{rel}","templated":true}]}}